{"id":35,"date":"2019-02-19T13:25:04","date_gmt":"2019-02-19T12:25:04","guid":{"rendered":"https:\/\/www.tangopeter.de\/eng\/?page_id=35"},"modified":"2022-09-24T15:38:43","modified_gmt":"2022-09-24T13:38:43","slug":"top-1000","status":"publish","type":"page","link":"https:\/\/www.tangopeter.de\/eng\/top-1000","title":{"rendered":"Top 1000"},"content":{"rendered":"<p style=\"text-align: center;\"><a href=\"https:\/\/www.tangopeter.de\/eng\/wp-content\/uploads\/2020\/05\/tanzpaar-albumin-h.jpg\"><img loading=\"lazy\" decoding=\"async\" class=\"aligncenter wp-image-403\" title=\"leading top 1000 tangos\" src=\"https:\/\/www.tangopeter.de\/eng\/wp-content\/uploads\/2020\/05\/tanzpaar-albumin-h.jpg\" alt=\"\" width=\"399\" height=\"374\" srcset=\"https:\/\/www.tangopeter.de\/eng\/wp-content\/uploads\/2020\/05\/tanzpaar-albumin-h.jpg 650w, https:\/\/www.tangopeter.de\/eng\/wp-content\/uploads\/2020\/05\/tanzpaar-albumin-h-300x282.jpg 300w\" sizes=\"auto, (max-width: 399px) 100vw, 399px\" \/><\/a><\/p>\n<p>&nbsp;<\/p>\n<p style=\"text-align: center;\"><a title=\"Carlos di Sarli\" href=\"https:\/\/www.tangopeter.de\/eng\/top-1000\/di-sarli\">Carlos di Sarli<\/a><\/p>\n<p style=\"text-align: center;\"><a title=\"Juan D\u2019Arienzo\" href=\"https:\/\/www.tangopeter.de\/eng\/top-1000\/darienzo\">Juan D\u2019Arienzo<\/a><\/p>\n<p style=\"text-align: center;\"><a title=\"Anibal Troilo\" href=\"https:\/\/www.tangopeter.de\/eng\/top-1000\/troilo\">Anibal Troilo<\/a><\/p>\n<p style=\"text-align: center;\"><a title=\"Osvaldo Pugliese\" href=\"https:\/\/www.tangopeter.de\/top-1000\/pugliese\">Osvaldo Pugliese<\/a><\/p>\n<p style=\"text-align: center;\"><a title=\"Pedro Laurenz\" href=\"https:\/\/www.tangopeter.de\/eng\/top-1000\/troilo\">Pedro Laurenz<\/a><\/p>\n<p style=\"text-align: center;\"><a title=\"Angel D\u2019Agostino\" href=\"https:\/\/www.tangopeter.de\/top-1000\/dagostino\">Angel D\u2019Agostino<\/a><\/p>\n<p style=\"text-align: center;\"><a title=\"Francisco Canaro\" href=\"https:\/\/www.tangopeter.de\/eng\/top-1000\/canaro\">Francisco Canaro<\/a><\/p>\n<p style=\"text-align: center;\"><a title=\"Ricardo Tanturi\" href=\"https:\/\/www.tangopeter.de\/eng\/top-1000\/tanturi\">Ricardo Tanturi<\/a><\/p>\n<p style=\"text-align: center;\"><a title=\"Miguel Cal\u00f3\" href=\"https:\/\/www.tangopeter.de\/eng\/top-1000\/calo\">Miguel Cal\u00f3<\/a><\/p>\n<p style=\"text-align: center;\"><a title=\"Rodolfo Biagi\" href=\"https:\/\/www.tangopeter.de\/eng\/top-1000\/biagi\">Rodolfo Biagi<\/a><\/p>\n<p style=\"text-align: center;\"><a title=\"Orquesta T\u00edpica Victor | Francisco Lomuto\" href=\"https:\/\/www.tangopeter.de\/eng\/top-1000\/lomuto-%e2%99%a5-ot-victor\">Orquesta T\u00edpica Victor | Francisco Lomuto<\/a><\/p>\n<p style=\"text-align: center;\"><a title=\"Edgardo Donato | Enrique Rodr\u00edguez\" href=\"https:\/\/www.tangopeter.de\/eng\/top-1000\/donato-%e2%99%a5-rodriguez\">Edgardo Donato | Enrique Rodr\u00edguez<\/a><\/p>\n<p style=\"text-align: center;\"><a title=\"Roberto Firpo | Julio De Caro\" href=\"https:\/\/www.tangopeter.de\/eng\/top-1000\/firpo-%e2%99%a5-de-caro\">Roberto Firpo | Julio De Caro<\/a><\/p>\n<p style=\"text-align: center;\"><a title=\"Alfredo de Angelis | Osvaldo Fresedo | Lucio Demare\" href=\"https:\/\/www.tangopeter.de\/eng\/top-1000\/de-angelis-%e2%99%a5-fresedo-%e2%99%a5-demare\">Alfredo de Angelis | Osvaldo Fresedo | Lucio Demare<\/a><\/p>\n<p style=\"text-align: center;\"><a title=\"Various\" href=\"https:\/\/www.tangopeter.de\/eng\/top-1000\/various\">Various<\/a><\/p>\n<p style=\"text-align: center;\"><a title=\"All 1000 titles at a glance\" href=\"https:\/\/www.tangopeter.de\/eng\/top-1000\/overview\">All 1000 titles at a glance<\/a><\/p>\n<p>&nbsp;<\/p>\n<p style=\"text-align: center;\">For legal reasons, all tracks have been limited to 20 seconds<br \/>\nand the sound quality has been reduced. The audio files<br \/>\nare only used for recognition and cataloging of the recordings.<\/p>\n<p>&nbsp;<\/p>\n<p><a href=\"https:\/\/tangopeter.de\/wp-content\/uploads\/2020\/01\/hp7200.jpg\"><img loading=\"lazy\" decoding=\"async\" class=\"aligncenter\" title=\"hp 7200e - 1998\" src=\"https:\/\/tangopeter.de\/wp-content\/uploads\/2020\/01\/hp7200.jpg\" alt=\"\" width=\"522\" height=\"336\" \/><\/a><\/p>\n<p>&nbsp;<\/p>\n<h1 style=\"text-align: center;\"><span style=\"color: #993300;\">\u2665<\/span><\/h1>\n","protected":false},"excerpt":{"rendered":"<p>&nbsp; Carlos di Sarli Juan D\u2019Arienzo Anibal Troilo Osvaldo Pugliese Pedro Laurenz Angel D\u2019Agostino Francisco Canaro Ricardo Tanturi Miguel Cal\u00f3 Rodolfo Biagi Orquesta T\u00edpica Victor | Francisco Lomuto Edgardo Donato | Enrique Rodr\u00edguez Roberto Firpo | Julio De Caro Alfredo de Angelis | Osvaldo Fresedo | Lucio Demare Various All 1000 titles at a glance <a href='https:\/\/www.tangopeter.de\/eng\/top-1000' class='excerpt-more'>[&#8230;]<\/a><\/p>\n","protected":false},"author":1,"featured_media":0,"parent":0,"menu_order":2,"comment_status":"closed","ping_status":"closed","template":"","meta":{"footnotes":""},"class_list":["post-35","page","type-page","status-publish","hentry","post-seq-1","post-parity-odd","meta-position-corners","fix"],"_links":{"self":[{"href":"https:\/\/www.tangopeter.de\/eng\/wp-json\/wp\/v2\/pages\/35","targetHints":{"allow":["GET"]}}],"collection":[{"href":"https:\/\/www.tangopeter.de\/eng\/wp-json\/wp\/v2\/pages"}],"about":[{"href":"https:\/\/www.tangopeter.de\/eng\/wp-json\/wp\/v2\/types\/page"}],"author":[{"embeddable":true,"href":"https:\/\/www.tangopeter.de\/eng\/wp-json\/wp\/v2\/users\/1"}],"replies":[{"embeddable":true,"href":"https:\/\/www.tangopeter.de\/eng\/wp-json\/wp\/v2\/comments?post=35"}],"version-history":[{"count":24,"href":"https:\/\/www.tangopeter.de\/eng\/wp-json\/wp\/v2\/pages\/35\/revisions"}],"predecessor-version":[{"id":529,"href":"https:\/\/www.tangopeter.de\/eng\/wp-json\/wp\/v2\/pages\/35\/revisions\/529"}],"wp:attachment":[{"href":"https:\/\/www.tangopeter.de\/eng\/wp-json\/wp\/v2\/media?parent=35"}],"curies":[{"name":"wp","href":"https:\/\/api.w.org\/{rel}","templated":true}]}}